{"id":85,"date":"2018-05-23T11:25:29","date_gmt":"2018-05-23T11:25:29","guid":{"rendered":"http:\/\/amaravia.net\/?page_id=85"},"modified":"2020-08-17T12:57:24","modified_gmt":"2020-08-17T12:57:24","slug":"datenschutzerklaerung","status":"publish","type":"page","link":"https:\/\/amaravia.net\/?page_id=85","title":{"rendered":"Datenschutzerkl\u00e4rung"},"content":{"rendered":"\n<h2 class=\"wp-block-heading\">Verantwortlich im Sinne der Datenschutz-Grundverordnung ist:<\/h2>\n\n\n\n<p>amaravia GmbH<br>Vertreten durch den gesch\u00e4ftsf\u00fchrenden Gesellschafter<br>Mozartstrasse 2b<br>88662 \u00dcberlingen<\/p>\n\n\n\n<p>Wenn Sie Fragen zu den Datenschutzhinweisen haben, stehen wir Ihnen gerne zur Verf\u00fcgung. Kontaktieren Sie bitte den gesch\u00e4ftsf\u00fchrenden Gesellschafter Reinhold Gutmann.<\/p>\n\n\n\n<p>Tel.: +49 172 32 06 687<br>reinhold.gutmann(a)amaravia.net<\/p>\n\n\n\n<hr class=\"wp-block-separator\"\/>\n\n\n\n<h3 class=\"wp-block-heading\">Geltungsbereich:<\/h3>\n\n\n\n<p>Die folgenden Datenschutzhinweise beziehen sich auf das Web-Angebot von\u00a0www.amaravia.net die das<strong>\u00a0Corporate Design v<\/strong>erwenden und das<strong>\u00a0zentrale Content-Management-System\u00a0<\/strong>der amaravia GmbH nutzen.<\/p>\n\n\n\n<hr class=\"wp-block-separator\"\/>\n\n\n\n<p>Beim Datenschutz geht es um den Schutz personenbezogener Daten. Das betrifft Daten, die eindeutig einer Person zugeordnet werden k\u00f6nnen. Wenn wir personenbezogene Daten erheben und nutzen, beschr\u00e4nken wir uns strikt auf das technisch Erforderliche und halten uns an die gesetzlichen Bestimmungen. Wir erheben und nutzen personenbezogene Daten nur, wenn Sie dem zugestimmt haben oder wenn es uns gesetzlich erlaubt ist. Wichtig ist uns dabei, dass Sie verstehen, warum wir welche Daten erheben und wof\u00fcr wir sie nutzen. Dies erl\u00e4utern wir in den nachstehenden Hinweisen zum Datenschutz.<\/p>\n\n\n\n<p>Im Rahmen der Benutzung von Webseiten der o.g. Domains werden Nutzungsdaten gespeichert. Diese Daten werden zur Identifikation und Nachverfolgung unzul\u00e4ssiger Zugriffsversuche auf das o.g. Web-Angebot verwendet. Sie dienen ebenfalls zur Erstellung von anonymisierten Zugriffsstatistiken und damit der strukturellen Verbesserung des Web-Angebots.<\/p>\n\n\n\n<p>Am 25. Mai 2018 ist die EU-\u00fcbergreifende Datenschutz-Grundverordnung (DSGVO) in Kraft getreten, die die Rechte des einzelnen Nutzers \/ der einzelnen Nutzerin st\u00e4rkt. \u00dcber Ihre Rechte kl\u00e4ren wir Sie unter Punkt 08 auf. <\/p>\n\n\n\n<h3 class=\"wp-block-heading\">1. Was sind personenbezogene Daten?<\/h3>\n\n\n\n<p>Die Datenverarbeitung auf dieser Website erfolgt durch den Websitebetreiber. Dessen Kontaktdaten k\u00f6nnen Sie dem Impressum dieser Website entnehmen.<\/p>\n\n\n\n<p>Personenbezogene Daten sind Informationen, die dazu genutzt werden k\u00f6nnen, Sie zu identifizieren. Darunter fallen Informationen wie Name, Post- oder IP-Adresse (soweit nicht anonymisiert), Telefonnummer und E-Mail-Adresse. Informationen, die nicht mit Ihrer Identit\u00e4t in Verbindung gebracht werden (wie zum Beispiel anonyme Log-Files, in denen die benutzten Browser-Typen protokolliert werden), fallen nicht darunter.<\/p>\n\n\n\n<h3 class=\"wp-block-heading\">2. Aufrufe der Webseite<\/h3>\n\n\n\n<ul class=\"wp-block-list\"><li>die von Ihnen besuchte Webseite<\/li><li>die Seite, von der aus Sie zu uns kommen (bei Suchmaschinen auch die eingegebenen Begriffe)<\/li><li>Datum<\/li><li>Uhrzeit<\/li><li>das von Ihnen verwendete Betriebssystem<\/li><li>Merkmale des verwendeten Displays (Aufl\u00f6sung in Pixeln sowie die sog. Pixel-Ratio zur Erkennung von hochaufl\u00f6senden Displays) und<\/li><li>der von Ihnen verwendete Browser (Internet Explorer, Firefox, Opera etc.)<\/li><\/ul>\n\n\n\n<p>Gespeichert werden dar\u00fcber hinaus die Gr\u00f6\u00dfe der \u00fcbertragenen Datenmenge, ein sogenannter HTTP-Statuscode (z. B. zur Kennzeichnung einer erfolgreich \u00fcbertragenen Web-Seite) sowie die IP-Adresse des zugreifenden Rechners (z. B. PC oder Smartphone), wobei diese IP-Adresse durch das L\u00f6schen des letzten Oktetts dieser Adresse anonymisiert wird.<\/p>\n\n\n\n<p>Die Erhebung und Nutzung der in den Log-Files gespeicherten Informationen dient lediglich der anonymisierten Auswertung zu statistischen Zwecken (etwa zur Analyse des Nutzungsverhaltens, auf welche Seiten des Web-Angebots der o.g. Sites bzw. Sub-Domains zugegriffen wird, welche Browser eingesetzt werden usw.) und damit der Verbesserung unserer Dienste. Da die IP-Adressen wie oben beschrieben anonymisiert werden, ist eine Zuordnung der Auswertungsergebnisse zu einer bestimmten IP-Adresse nicht m\u00f6glich.<\/p>\n\n\n\n<p>F\u00fcr die Auswertung werden die Log-Files f\u00fcr das laufende und vorangegangene Kalenderjahr gespeichert. Danach werden die Daten gel\u00f6scht.<\/p>\n\n\n\n<h3 class=\"wp-block-heading\">3. Wer speichert Daten<\/h3>\n\n\n\n<p>Die auf die o.g. Weise verarbeiteten\u00a0Daten (siehe 1. und 2.) werden durch rs|u elektronisch erhoben, genutzt und gespeichert.<\/p>\n\n\n\n<p>Sie werden nicht an Dritte weitergegeben oder au\u00dferhalb von der amaravia GmbH genutzt, sofern keine Einwilligung Ihrerseits vorliegt oder wir zur Weitergabe von Daten gesetzlich verpflichtet oder berechtigt sind (etwa aus Gr\u00fcnden der Strafverfolgung, im Fall einer Plagiatsvermutung oder sonstigen Urheberrechtsverletzungen).<\/p>\n\n\n\n<h3 class=\"wp-block-heading\">4. Cookies<\/h3>\n\n\n\n<p>Wir verwenden wie andere Internet-Anbieter so genannte Cookies. Ein Cookie ist ein kleiner Eintrag, der in speziellen Dateiverzeichnissen auf Ihrem Computer abgelegt wird. In Cookies k\u00f6nnen Informationen \u00fcber Ihren Besuch auf unserer Website gespeichert werden.<\/p>\n\n\n\n<p>Unsere Cookies enthalten jedoch keine personenbezogenen Daten (wie IP-Adressen oder Login-Daten), sondern lediglich anonyme \u201eSession-IDs\u201c. Einige von uns verwendete Cookies verbleiben auf Ihrem Rechner, so dass der Web-Server Ihren Rechner bei Ihrem n\u00e4chsten Besuch wiedererkennt. Die meisten Browser (Internet Explorer, Firefox, Opera etc.) sind standardm\u00e4\u00dfig so eingestellt, dass sie Cookies akzeptieren. Sie k\u00f6nnen jedoch bei Ihrem Browser einstellen, dass er Cookies ablehnt oder vorher eine Best\u00e4tigung von Ihnen erfragt. Wenn Sie Cookies ablehnen, kann es allerdings passieren, dass Sie bestimmte Funktionen des Web-Angebots nicht mehr nutzen k\u00f6nnen.<\/p>\n\n\n\n<p>Die Rechtsgrundlage f\u00fcr die Verarbeitung personenbezogener Daten unter Verwendung von Cookies ist Artikel 6, Absatz 1 der Datenschutz-Grundverordnung (DSGVO).<\/p>\n\n\n\n<h3 class=\"wp-block-heading\">5. Aktive Komponenten<\/h3>\n\n\n\n<p>Auf den Web-Seiten der o.g. Domains werden teilweise Java- und Javascript-Anwendungen verwendet. Sie k\u00f6nnen bei Ihrem Browser \u2013 ggf. durch die Verwendung entsprechender, frei erh\u00e4ltlicher Zusatzprogramme \u2013 einstellen, dass er die Ausf\u00fchrung solcher Anwendungen ablehnt oder vorher eine Best\u00e4tigung von Ihnen erfragt. Wenn Sie diese Anwendungen ablehnen, kann es allerdings passieren, dass Sie bestimmte Funktionen des Web-Angebots nicht mehr nutzen k\u00f6nnen.<\/p>\n\n\n\n<h3 class=\"wp-block-heading\">6. Verwendung von Social Plugins<\/h3>\n\n\n\n<p>Auf den Web-Seiten der o.g. Domains werden teilweise sogenannte Social Plugins verwendet. Dabei handelt es um Plugins der folgenden Social Services:<\/p>\n\n\n\n<ul class=\"wp-block-list\"><li>\u201eTED&#8220; : betrieben von:  Ted Conference, 330 Hudson St. New York City, United Staates<\/li><li>&#8222;LinkedIn&#8220; betrieben von LinkedIn Ireland Unlimited, Wilton Place, Dublin 2, Irland<\/li><li>&#8222;Xing&#8220; betrieben von New Work SE, Dammtorstrasse 30, 20354 Hamburg, Deutschland<\/li><li>&#8222;You Tube&#8220; : betrieben von: You Tube LLC, 901 Cherry Ave, San Bruno, CA 94066, United Staates<\/li><\/ul>\n\n\n\n<p>Die Social Plugins sind von den Social-Media-Services entwickelte und zur Verf\u00fcgung gestellte Software-Module, die z. B. von den Betreibern von Web-Angeboten \u201eas-is\u201c (unver\u00e4ndert) in die Seiten eingebaut werden k\u00f6nnen, um eine automatisierte Kommunikation (Datenaustausch) zwischen den Webseiten und den Social-Media-Services nach deren jeweiligen Richtlinien zu realisieren. Im Zuge dieser Kommunikation werden z. B. Daten von einem Social-Media-Service dynamisch auf eine unserer Webseiten \u00fcbertragen. Andererseits werden gleichzeitig auch Daten der Nutzer, welche unsere Webseiten der o.g. Domains aufrufen, zum Social-Media-Service \u00fcbertragen (z. B. die IP-Adresse des Computers eines Nutzers). Die Verwendung solcher Social Plugins auf bestimmten Webseiten erkennen Sie durch einen Klick auf diese Schaltfl\u00e4che an und stimmen dem einmaligen Datenaustausch zwischen der jeweiligen Webseite der o.g. Domain und dem betreffenden Drittanbieter zu. <\/p>\n\n\n\n<h3 class=\"wp-block-heading\">7. Verwendung externer Inhalte<\/h3>\n\n\n\n<p>Auf den offiziellen Webseiten der Freien Universit\u00e4t werden teilweise externe Inhalte von externen Anbietern eingebunden. Die Einbindung externer Inhalte wie Videos, Pr\u00e4sentationen oder News-Feeds z. B. von Social-Media-Services kann eine Website inhaltlich bereichern. \u00c4hnlich zur Verwendung von Social Plugins (siehe 7.) sind auch hier datenschutzrechtliche Aspekte zu ber\u00fccksichtigen. <\/p>\n\n\n\n<p>Analog zur Verwendung der Social Plugins (siehe 6.) gilt auch hier: Durch einen Klick auf die Inhalte stimmen Sie dem einmaligen Datenaustausch zwischen der jeweiligen Webseite der o.g. Domain und dem betreffenden Drittanbieter zu. <\/p>\n\n\n\n<h3 class=\"wp-block-heading\">8. Rechte der Betroffenen<\/h3>\n\n\n\n<p>Sofern uns personenbezogene Daten \u00fcbermittelt wurden (z. B. \u00fcber entsprechende Web-Formulare), erhalten Sie im Kontext der entsprechenden Webseiten in unserem Angebot der o.g. Sites bzw. Sub-Domains Kontaktdaten, \u00fcber die Sie auf Verlangen unentgeltlich Auskunft \u00fcber die Daten erhalten k\u00f6nnen, die zu Ihrer Person gespeichert sind. Die Auskunft kann auf Ihr Verlangen auch elektronisch erteilt werden.<\/p>\n\n\n\n<p>Sie haben das Recht, von dem\/der Verantwortlichen eine Best\u00e4tigung dar\u00fcber zu verlangen, ob Sie betreffende personenbezogene Daten verarbeitet werden; ist dies der Fall, so haben Sie ein\u00a0<strong>Recht auf Auskunft<\/strong>\u00a0\u00fcber diese personenbezogenen Daten und auf die in Artikel 15 der Datenschutz-Grundverordnung (DSGVO) im einzelnen aufgef\u00fchrten Informationen.<\/p>\n\n\n\n<p>Sie haben das Recht, von dem Verantwortlichen die unverz\u00fcglich\u00a0<strong>Berichtigung<\/strong>\u00a0unrichtiger und Sie betreffender personenbezogener Daten und ggf. die Vervollst\u00e4ndigung unvollst\u00e4ndiger personenbezogener Daten zu verlangen (Artikel 16 der Datenschutz-Grundverordnung).<\/p>\n\n\n\n<p>Sie haben das Recht, von dem\/der Verantwortlichen zu verlangen, dass Sie betreffende personenbezogene Daten unverz\u00fcglich gel\u00f6scht werden, sofern einer der in Artikel 17 der Datenschutz-Grundverordnung im einzelnen aufgef\u00fchrten Gr\u00fcnde zutrifft (<strong>Recht auf L\u00f6schung<\/strong>). Der\/die Verantwortliche verarbeitet dann die personenbezogenen Daten nicht mehr, es sei denn, der\/die Verantwortliche kann zwingende schutzw\u00fcrdige Gr\u00fcnde f\u00fcr die Verarbeitung nachweisen, die die Interessen, Rechte und Freiheiten der betroffenen Person \u00fcberwiegen.<\/p>\n\n\n\n<p>Sie haben das Recht, aus Gr\u00fcnden, die sich aus Ihrer besonderen Situation ergeben, jederzeit gegen die Verarbeitung der Sie betreffenden personenbezogenen Daten\u00a0<strong>Widerspruch<\/strong>\u00a0einzulegen. Personenbezogene Daten d\u00fcrfen dann nur verarbeitet werden, wenn zwingende schutzw\u00fcrdige Gr\u00fcnde f\u00fcr die Verarbeitung nachzuweisen sind, die Ihre Interessen, Rechte und Freiheiten \u00fcberwiegen, oder wenn die Verarbeitung der Geltendmachung, Aus\u00fcbung oder Verteidigung von Rechtsanspr\u00fcchen gilt (Artikel 21 der Datenschutz-Grundverordnung (DSGVO).<\/p>\n\n\n\n<p>Sie haben das Recht, Ihre datenschutzrechtliche Einwilligungserkl\u00e4rung jederzeit zu widerrufen. Durch den Widerruf der Einwilligung wird die Rechtm\u00e4\u00dfigkeit der aufgrund der Einwilligung bis zum Widerruf erfolgten Verarbeitung nicht ber\u00fchrt.<\/p>\n\n\n\n<h3 class=\"wp-block-heading\">9. \u00c4nderung der Datenschutzpraxis<\/h3>\n\n\n\n<p>Angesichts der stetigen Ver\u00e4nderungen im Internet, v. a. der Technik und auch der einschl\u00e4gigen Gesetzeslage, behalten wir uns vor, unsere Datenschutzpraxis von Zeit zu Zeit anzupassen, sofern dies erforderlich wird. Derlei Anpassungen der Datenschutzpraxis werden dann hier auf dieser Seite mit einem zeitlichen Vorlauf von zwei Kalenderwochen angek\u00fcndigt, sofern dies durch die die Anpassung verursachenden Umst\u00e4nde m\u00f6glich bleibt.<\/p>\n\n\n\n<h3 class=\"wp-block-heading\">10. Kontakt \/ Datenschutzbeauftragter amaravia GmbH<\/h3>\n\n\n\n<p>Reinhold Gutmann<br>reinhold.gutmann(a)amaravia.net<\/p>\n","protected":false},"excerpt":{"rendered":"<p>Verantwortlich im Sinne der Datenschutz-Grundverordnung ist: amaravia GmbHVertreten durch den gesch\u00e4ftsf\u00fchrenden GesellschafterMozartstrasse 2b88662 \u00dcberlingen Wenn Sie Fragen zu den Datenschutzhinweisen haben, stehen wir Ihnen gerne zur Verf\u00fcgung. Kontaktieren&hellip;<\/p>\n","protected":false},"author":1,"featured_media":0,"parent":0,"menu_order":0,"comment_status":"closed","ping_status":"closed","template":"template-full-width.php","meta":{"_coblocks_attr":"","_coblocks_dimensions":"","_coblocks_responsive_height":"","_coblocks_accordion_ie_support":"","footnotes":""},"class_list":["post-85","page","type-page","status-publish","hentry"],"_links":{"self":[{"href":"https:\/\/amaravia.net\/index.php?rest_route=\/wp\/v2\/pages\/85","targetHints":{"allow":["GET"]}}],"collection":[{"href":"https:\/\/amaravia.net\/index.php?rest_route=\/wp\/v2\/pages"}],"about":[{"href":"https:\/\/amaravia.net\/index.php?rest_route=\/wp\/v2\/types\/page"}],"author":[{"embeddable":true,"href":"https:\/\/amaravia.net\/index.php?rest_route=\/wp\/v2\/users\/1"}],"replies":[{"embeddable":true,"href":"https:\/\/amaravia.net\/index.php?rest_route=%2Fwp%2Fv2%2Fcomments&post=85"}],"version-history":[{"count":15,"href":"https:\/\/amaravia.net\/index.php?rest_route=\/wp\/v2\/pages\/85\/revisions"}],"predecessor-version":[{"id":706,"href":"https:\/\/amaravia.net\/index.php?rest_route=\/wp\/v2\/pages\/85\/revisions\/706"}],"wp:attachment":[{"href":"https:\/\/amaravia.net\/index.php?rest_route=%2Fwp%2Fv2%2Fmedia&parent=85"}],"curies":[{"name":"wp","href":"https:\/\/api.w.org\/{rel}","templated":true}]}}