{"id":4,"date":"2018-05-21T10:48:29","date_gmt":"2018-05-21T10:48:29","guid":{"rendered":"http:\/\/amaravia.net\/?page_id=4"},"modified":"2021-06-07T11:48:39","modified_gmt":"2021-06-07T11:48:39","slug":"home","status":"publish","type":"page","link":"https:\/\/amaravia.net\/","title":{"rendered":"MEHR ALS WOHNEN"},"content":{"rendered":"\n<div style=\"height:100px\" aria-hidden=\"true\" class=\"wp-block-spacer\"><\/div>\n\n\n\n<h1 class=\"alignfull has-text-align-center has-accent-color has-text-color wp-block-heading\"> <\/h1>\n\n\n\n<h2 class=\"alignwide has-text-align-center wp-block-heading\">Wir planen, entwickeln, betreiben und vermarkten hochwertige Lebenswelten f\u00fcr Senioren <\/h2>\n\n\n\n<div class=\"wp-block-coblocks-row alignwide coblocks-row-21115448994 mt-0\" data-columns=\"2\" data-layout=\"50-50\"><div class=\"wp-block-coblocks-row__inner has-no-padding has-no-margin is-stacked-on-mobile has-medium-gutter\">\n<div class=\"wp-block-coblocks-column coblocks-column-21115454840\" style=\"width:50%\"><div class=\"wp-block-coblocks-column__inner has-no-padding has-no-margin\">\n<p class=\"has-secondary-color has-text-color\">Gesund und bis ins hohe Alter selbstbestimmt leben, das w\u00fcnschen wir uns alle. Besonders, wenn der Zugang zu unterst\u00fctzender Hilfe und Pflege notwendig wird. Innovative L\u00f6sungen im Bereich Architektur, Landschafts- und Gartengestaltung, Kommunikation, digitaler Technik und medizinisch,- pflegerischer Versorgung machen es heute m\u00f6glich, fernab tradierter Pflegeheime lange und sicher in den eigenen vier W\u00e4nden zu wohnen. <\/p>\n<\/div><\/div>\n\n\n\n<div class=\"wp-block-coblocks-column coblocks-column-21115454860\" style=\"width:50%\"><div class=\"wp-block-coblocks-column__inner has-no-padding has-no-margin\">\n<p class=\"has-secondary-color has-text-color\">Wir planen hochwertige, Umwelt- und Ressourcen schonende Seniorenquartiere, die mit Smart Home Innovationen und weitreichenden, digitalen Hilfen ausgestattet sind. Unser Fokus liegt auf demenziell Erkrankte und deren Angeh\u00f6rigen. Wir m\u00f6chten ihnen, auch bei zunehmender Pflegeintensit\u00e4t, ein Leben in Selbstbestimmung, gesellschaftlicher und kultureller Teilhabe, sowie den Zugang zu umfassender medizinisch therapeutischer Hilfen erm\u00f6glichen.<\/p>\n<\/div><\/div>\n<\/div><\/div>\n\n\n\n<div class=\"wp-block-coblocks-gallery-collage alignwide is-style-tiled has-custom-gutter\" style=\"--coblocks-custom-gutter:0.1em\"><ul><li class=\"wp-block-coblocks-gallery-collage__item item-1\"><figure class=\"wp-block-coblocks-gallery-collage__figure\"><img loading=\"lazy\" decoding=\"async\" width=\"1024\" height=\"683\" src=\"https:\/\/amaravia.net\/wp-content\/uploads\/2021\/03\/Paar-1024x683.jpg\" alt=\"\" data-index=\"0\" data-id=\"942\" data-imglink=\"\" data-link=\"https:\/\/amaravia.net\/?attachment_id=942\" class=\"wp-image-942\" srcset=\"https:\/\/amaravia.net\/wp-content\/uploads\/2021\/03\/Paar-1024x683.jpg 1024w, https:\/\/amaravia.net\/wp-content\/uploads\/2021\/03\/Paar-300x200.jpg 300w, https:\/\/amaravia.net\/wp-content\/uploads\/2021\/03\/Paar-150x100.jpg 150w, https:\/\/amaravia.net\/wp-content\/uploads\/2021\/03\/Paar-768x512.jpg 768w, https:\/\/amaravia.net\/wp-content\/uploads\/2021\/03\/Paar-540x360.jpg 540w, https:\/\/amaravia.net\/wp-content\/uploads\/2021\/03\/Paar-1080x720.jpg 1080w, https:\/\/amaravia.net\/wp-content\/uploads\/2021\/03\/Paar.jpg 1440w\" sizes=\"auto, (max-width: 1024px) 100vw, 1024px\" \/><\/figure><\/li><li class=\"wp-block-coblocks-gallery-collage__item item-2\"><figure class=\"wp-block-coblocks-gallery-collage__figure\"><img loading=\"lazy\" decoding=\"async\" width=\"1024\" height=\"768\" src=\"https:\/\/amaravia.net\/wp-content\/uploads\/2021\/03\/Coach-1024x768.jpg\" alt=\"\" data-index=\"1\" data-id=\"943\" data-imglink=\"\" data-link=\"https:\/\/amaravia.net\/?attachment_id=943\" class=\"wp-image-943\" srcset=\"https:\/\/amaravia.net\/wp-content\/uploads\/2021\/03\/Coach-1024x768.jpg 1024w, https:\/\/amaravia.net\/wp-content\/uploads\/2021\/03\/Coach-300x225.jpg 300w, https:\/\/amaravia.net\/wp-content\/uploads\/2021\/03\/Coach-150x113.jpg 150w, https:\/\/amaravia.net\/wp-content\/uploads\/2021\/03\/Coach-768x576.jpg 768w, https:\/\/amaravia.net\/wp-content\/uploads\/2021\/03\/Coach-540x405.jpg 540w, https:\/\/amaravia.net\/wp-content\/uploads\/2021\/03\/Coach-1080x810.jpg 1080w, https:\/\/amaravia.net\/wp-content\/uploads\/2021\/03\/Coach.jpg 1200w\" sizes=\"auto, (max-width: 1024px) 100vw, 1024px\" \/><\/figure><\/li><li class=\"wp-block-coblocks-gallery-collage__item item-3\"><figure class=\"wp-block-coblocks-gallery-collage__figure\"><img loading=\"lazy\" decoding=\"async\" width=\"1024\" height=\"683\" src=\"http:\/\/amaravia.net\/wp-content\/uploads\/2021\/03\/Garten-1024x683.jpg\" alt=\"\" data-index=\"2\" data-id=\"948\" data-imglink=\"\" data-link=\"http:\/\/amaravia.net\/?attachment_id=948\" class=\"wp-image-948\" srcset=\"https:\/\/amaravia.net\/wp-content\/uploads\/2021\/03\/Garten-1024x683.jpg 1024w, https:\/\/amaravia.net\/wp-content\/uploads\/2021\/03\/Garten-300x200.jpg 300w, https:\/\/amaravia.net\/wp-content\/uploads\/2021\/03\/Garten-150x100.jpg 150w, https:\/\/amaravia.net\/wp-content\/uploads\/2021\/03\/Garten-768x512.jpg 768w, https:\/\/amaravia.net\/wp-content\/uploads\/2021\/03\/Garten-540x360.jpg 540w, https:\/\/amaravia.net\/wp-content\/uploads\/2021\/03\/Garten-1080x720.jpg 1080w, https:\/\/amaravia.net\/wp-content\/uploads\/2021\/03\/Garten.jpg 1200w\" sizes=\"auto, (max-width: 1024px) 100vw, 1024px\" \/><\/figure><\/li><li class=\"wp-block-coblocks-gallery-collage__item item-4\"><figure class=\"wp-block-coblocks-gallery-collage__figure\"><img loading=\"lazy\" decoding=\"async\" width=\"1024\" height=\"768\" src=\"https:\/\/amaravia.net\/wp-content\/uploads\/2021\/03\/Chair-1024x768.jpg\" alt=\"\" data-index=\"3\" data-id=\"944\" data-imglink=\"\" data-link=\"https:\/\/amaravia.net\/?attachment_id=944\" class=\"wp-image-944\" srcset=\"https:\/\/amaravia.net\/wp-content\/uploads\/2021\/03\/Chair-1024x768.jpg 1024w, https:\/\/amaravia.net\/wp-content\/uploads\/2021\/03\/Chair-300x225.jpg 300w, https:\/\/amaravia.net\/wp-content\/uploads\/2021\/03\/Chair-150x113.jpg 150w, https:\/\/amaravia.net\/wp-content\/uploads\/2021\/03\/Chair-768x576.jpg 768w, https:\/\/amaravia.net\/wp-content\/uploads\/2021\/03\/Chair-540x405.jpg 540w, https:\/\/amaravia.net\/wp-content\/uploads\/2021\/03\/Chair-1080x810.jpg 1080w, https:\/\/amaravia.net\/wp-content\/uploads\/2021\/03\/Chair.jpg 1200w\" sizes=\"auto, (max-width: 1024px) 100vw, 1024px\" \/><\/figure><\/li><\/ul><\/div>\n\n\n\n<hr class=\"wp-block-separator has-text-color has-background has-accent-background-color has-accent-color is-style-wide\"\/>\n\n\n\n<h1 class=\"alignfull has-text-align-center wp-block-heading\">Unsere Leistungen<\/h1>\n\n\n\n<div class=\"wp-block-coblocks-services alignwide\"><div class=\"has-columns has-2-columns has-responsive-columns has-medium-gutter\">\n<div class=\"wp-block-coblocks-service\"><figure class=\"wp-block-coblocks-service__figure\"><img decoding=\"async\" src=\"http:\/\/amaravia.net\/wp-content\/uploads\/2018\/05\/cropped-header3.jpg\" alt=\"\"\/><\/figure><div class=\"wp-block-coblocks-service__content\">\n<h3 class=\"has-text-align-none wp-block-heading\">Entwickeln<\/h3>\n\n\n\n<p class=\"has-text-align-none\">Sicherung des Grundst\u00fcckes und Erstellung eines Konzeptes.<\/p>\n<\/div><\/div>\n\n\n\n<div class=\"wp-block-coblocks-service\"><figure class=\"wp-block-coblocks-service__figure\"><img decoding=\"async\" src=\"http:\/\/amaravia.net\/wp-content\/uploads\/2021\/03\/Frau.jpg\" alt=\"\"\/><\/figure><div class=\"wp-block-coblocks-service__content\">\n<h3 class=\"has-text-align-none wp-block-heading\">Planen<\/h3>\n\n\n\n<p class=\"has-text-align-none\">Pr\u00fcfung der Wirtschaftlichkeit, Markt- und Wettbewerbsanalyse.<\/p>\n<\/div><\/div>\n\n\n\n<div class=\"wp-block-coblocks-service\"><div class=\"wp-block-coblocks-service__content\">\n<h3 class=\"has-text-align-none wp-block-heading\"><\/h3>\n\n\n\n<p class=\"has-text-align-none\"><\/p>\n<\/div><\/div>\n<\/div><\/div>\n\n\n\n<div class=\"wp-block-coblocks-services alignwide\"><div class=\"has-columns has-2-columns has-responsive-columns has-medium-gutter\">\n<div class=\"wp-block-coblocks-service\"><figure class=\"wp-block-coblocks-service__figure\"><img decoding=\"async\" src=\"http:\/\/amaravia.net\/wp-content\/uploads\/2021\/03\/Mann.jpg\" alt=\"\"\/><\/figure><div class=\"wp-block-coblocks-service__content\">\n<h3 class=\"has-text-align-none wp-block-heading\">Betreiben<\/h3>\n\n\n\n<p class=\"has-text-align-none\">Management und Betrieb der amaravia Lebenswelten.<\/p>\n<\/div><\/div>\n\n\n\n<div class=\"wp-block-coblocks-service\"><figure class=\"wp-block-coblocks-service__figure\"><img decoding=\"async\" src=\"http:\/\/amaravia.net\/wp-content\/uploads\/2020\/11\/gruen-web.jpg\" alt=\"\"\/><\/figure><div class=\"wp-block-coblocks-service__content\">\n<h3 class=\"has-text-align-none wp-block-heading\">Vermarkten<\/h3>\n\n\n\n<p class=\"has-text-align-none\">Identifizierung geeigneter Investoren und Mieter.<\/p>\n<\/div><\/div>\n\n\n\n<div class=\"wp-block-coblocks-service\"><div class=\"wp-block-coblocks-service__content\">\n<h3 class=\"has-text-align-none wp-block-heading\"><\/h3>\n\n\n\n<p class=\"has-text-align-none\"><\/p>\n<\/div><\/div>\n<\/div><\/div>\n\n\n\n<hr class=\"wp-block-separator has-text-color has-background has-accent-background-color has-accent-color is-style-wide\"\/>\n\n\n\n<h1 class=\"alignfull has-text-align-center wp-block-heading\"> amaravia | # smart  \ud83d\ude42 innovativ + gr\u00fcn<\/h1>\n\n\n<div class=\"wp-block-coblocks-icon has-text-align-left is-style-outlined\">\n\t\t\t\t<div class=\"wp-block-coblocks-icon__inner has-text-color has-accent-color\" style=\"height: 60px; width: 60px;\">\n\t\t\t\t\t<svg fill=\"none\" viewBox=\"0 0 20 20\" xmlns=\"http:\/\/www.w3.org\/2000\/svg\"><path d=\"m19.99 7c0-.72-.37-1.35-.94-1.7l-9.05-5.3-9.05 5.3c-.57.35-.95.98-.95 1.7v11c0 1.1.9 2 2 2h16c1.1 0 2-.9 2-2zm-2 0v.01l-7.99 4.99-8-5 8-4.68zm-15.99 11v-8.66l8 5.02 7.99-4.99.01 8.63z\" fill=\"currentColor\" \/><\/svg>\n\t\t\t\t<\/div>\n\t\t\t<\/div>\n\n\n<p><\/p>\n\n\n\n<p class=\"has-secondary-color has-text-color\">Mehr erfahren. Schreiben oder rufen Sie einfach an. <br>Wir freuen uns auf Sie. <\/p>\n\n\n\n<p class=\"has-secondary-color has-text-color\">amaravia <br>+49 7551 94 44 744<\/p>\n","protected":false},"excerpt":{"rendered":"<p>Wir planen, entwickeln, betreiben und vermarkten hochwertige Lebenswelten f\u00fcr Senioren Unsere Leistungen amaravia | # smart \ud83d\ude42 innovativ + gr\u00fcn Mehr erfahren. Schreiben oder rufen Sie einfach an.&hellip;<\/p>\n","protected":false},"author":1,"featured_media":938,"parent":0,"menu_order":0,"comment_status":"closed","ping_status":"closed","template":"template-cover.php","meta":{"_coblocks_attr":"RobotoPT SerifUbuntuKarlaMontserratNoto Sans,Merriweather,,,Oswald,Open Sans,Roboto,Barlow,Times New Roman,,,","_coblocks_dimensions":"{\"coblocks-hero-102817302222\":{\"padding\":{}},\"coblocks-feature-74163423190\":{\"padding\":{\"paddingTop\":null,\"paddingRight\":null,\"paddingBottom\":null,\"paddingLeft\":null,\"paddingTopTablet\":null,\"paddingRightTablet\":null,\"paddingBottomTablet\":null,\"paddingLeftTablet\":null,\"paddingTopMobile\":null,\"paddingRightMobile\":null,\"paddingBottomMobile\":null,\"paddingLeftMobile\":null}}}","_coblocks_responsive_height":"{\"coblocks-hero-102817302222\":{\"height\":{\"height\":670}},\"coblocks-shape-divider-1028213839179\":{\"shapeHeight\":{\"height\":100}},\"coblocks-shape-divider-21115731963\":{\"shapeHeight\":{\"height\":50}}}","_coblocks_accordion_ie_support":"","footnotes":""},"class_list":["post-4","page","type-page","status-publish","has-post-thumbnail","hentry"],"_links":{"self":[{"href":"https:\/\/amaravia.net\/index.php?rest_route=\/wp\/v2\/pages\/4","targetHints":{"allow":["GET"]}}],"collection":[{"href":"https:\/\/amaravia.net\/index.php?rest_route=\/wp\/v2\/pages"}],"about":[{"href":"https:\/\/amaravia.net\/index.php?rest_route=\/wp\/v2\/types\/page"}],"author":[{"embeddable":true,"href":"https:\/\/amaravia.net\/index.php?rest_route=\/wp\/v2\/users\/1"}],"replies":[{"embeddable":true,"href":"https:\/\/amaravia.net\/index.php?rest_route=%2Fwp%2Fv2%2Fcomments&post=4"}],"version-history":[{"count":277,"href":"https:\/\/amaravia.net\/index.php?rest_route=\/wp\/v2\/pages\/4\/revisions"}],"predecessor-version":[{"id":1056,"href":"https:\/\/amaravia.net\/index.php?rest_route=\/wp\/v2\/pages\/4\/revisions\/1056"}],"wp:featuredmedia":[{"embeddable":true,"href":"https:\/\/amaravia.net\/index.php?rest_route=\/wp\/v2\/media\/938"}],"wp:attachment":[{"href":"https:\/\/amaravia.net\/index.php?rest_route=%2Fwp%2Fv2%2Fmedia&parent=4"}],"curies":[{"name":"wp","href":"https:\/\/api.w.org\/{rel}","templated":true}]}}