{"id":39,"date":"2018-05-22T11:31:38","date_gmt":"2018-05-22T11:31:38","guid":{"rendered":"http:\/\/amaravia.net\/?page_id=39"},"modified":"2025-04-04T12:48:24","modified_gmt":"2025-04-04T12:48:24","slug":"lebenswelten-3","status":"publish","type":"page","link":"https:\/\/amaravia.net\/?page_id=39","title":{"rendered":"Lebenswelt Bad Saarow"},"content":{"rendered":"\n<h4 class=\"has-text-align-center wp-block-heading\">Wenn etwas besser als sehr gut werden soll, dann muss es exzellent sein. Wir streben mit unseren Lebenswelten diese Exzellenz an.<\/h4>\n\n\n\n<p>Bad Saarow, das Juwel in Brandenburg. Direkt am Scharm\u00fctzelsee gelegen, ist es seit jeher als Kur-und Badeort weit \u00fcber seine Grenzen hinaus bekannt und ber\u00fchmt. Gro\u00dfz\u00fcgige Parks mit altem Baumbestand und  herrschaftliche Villen verspr\u00fchen den Charme alter Zeiten. Der Reichtum von Wasser und Wald sorgt f\u00fcr klare und saubere Luft. Doch Bad Saarow hat noch mehr zu bieten. Die Thermalsole und das Naturmoorheilbad bieten eine gro\u00dfe Auswahl an Gesundheits- und Wellnessangeboten. <\/p>\n\n\n\n<p>Am Kurpark befindet sich die au\u00dfergew\u00f6hnliche Saarow Therme mit ihrer transparenten Architektur. Wem es nach Unterhaltung d\u00fcrstet, wird ebenfalls ein gro\u00dfes Angebot an Konzerten im Theater am See oder  Ausstellungen im Scharwenka Kulturforum finden. F\u00fcr jeden ist etwas dabei.<\/p>\n\n\n\n<div style=\"min-height:408px\" data-map-attr=\"\/qaddress\/q:\/qbad saarow Rehwiesen \/q||\/qlat\/q:\/qundefined\/q||\/qlng\/q:\/qundefined\/q||\/qskin\/q:\/qstandard\/q||\/qzoom\/q:\/q12\/q||\/qiconSize\/q:\/q36\/q||\/qmapTypeControl\/q:\/qtrue\/q||\/qzoomControl\/q:\/qtrue\/q||\/qstreetViewControl\/q:\/qtrue\/q||\/qfullscreenControl\/q:\/qtrue\/q\" class=\"wp-block-coblocks-map\"><iframe title=\"Google Maps-Karte\" frameborder=\"0\" style=\"width:100%;min-height:408px\" src=\"https:\/\/www.google.com\/maps?q=bad%20saarow%20Rehwiesen%20&amp;output=embed&amp;hl=de-DE&amp;z=12\"><\/iframe><\/div>\n\n\n\n<p><\/p>\n\n\n\n<p>In unserer Lebenswelt &#8222;An den Rehwiesen&#8220; bieten wir Menschen mit demenziellen Erfahrungen, sowie deren Partner ein verl\u00e4ssliches Zuhause auf h\u00f6chsten Niveau in anspruchsvoller Umgebung. Unter einem Dach vereinen wir die besten Experten f\u00fcr Diagnostik, Therapie, Ern\u00e4hrung und vieles mehr. Selbstverst\u00e4ndlich sind wir mit Kommunen, Kirchen, Vereinen, Gesundheitszentren, Pflegediensten etc. eng vernetzt. <\/p>\n\n\n\n<p>2027 er\u00f6ffnen wir in Bad Saarow die Lebenswelt  &#8222;An den Rehwiesen&#8220;. Das Quartier bietet insgesamt 130 Wohnungen von 40 bis 100 qm Wohnfl\u00e4che. Die unm\u00f6blierten Wohnungen verf\u00fcgen \u00fcber eine K\u00fcche und erm\u00f6glichen somit autarkes Wohnen, wie Sie es gewohnt sind. Bei den Service Apartments ist ein Betreuungsvertrag inkludiert, der die Notrufversorgung, Nutzung der Gemeinschaftsr\u00e4ume, soziale Beratung, Sprechstunden, Vermittlungsdienste und pers\u00f6nlichen Hilfen einschlie\u00dft. Zus\u00e4tzliche Wahlleistungen k\u00f6nnen gesondert vereinbart werden.<\/p>\n\n\n\n<p>Eine Wohngemeinschaft, sollte die Lebensf\u00fchrung dies erfordern, steht mit einer 24-st\u00fcndigen Betreuung ebenfalls zur Verf\u00fcgung.<\/p>\n\n\n\n<p>Die technische Ausstattung und bauliche Umsetzung der Appartements erleichtert die Wahrnehmung und Orientierung, vermittelt Sicherheit, stimuliert und f\u00f6rdert Sozialkontakte. Einrichtung und Ausstattung entsprechen dem gehobenen Hotelstandard. Farb- und Lichtausstattung entsprechen dem aktuellen Stand der Demenzforschung. Nachhaltige und \u00f6kologische Materialauswahl sind selbstverst\u00e4ndlich. <\/p>\n\n\n\n<div class=\"wp-block-coblocks-gallery-offset alignwide\"><ul class=\"coblocks-gallery has-border-radius-10 has-caption-style-dark has-small-images has-small-gutter\"><li class=\"coblocks-gallery--item\"><figure class=\"wp-block-coblocks-gallery-offset__figure\"><img loading=\"lazy\" decoding=\"async\" width=\"1024\" height=\"749\" src=\"http:\/\/amaravia.net\/wp-content\/uploads\/2020\/08\/Eingang-1024x749.jpg\" alt=\"\" data-id=\"470\" data-imglink=\"\" data-link=\"http:\/\/amaravia.net\/?attachment_id=470\" class=\"wp-image-470\" srcset=\"https:\/\/amaravia.net\/wp-content\/uploads\/2020\/08\/Eingang-1024x749.jpg 1024w, https:\/\/amaravia.net\/wp-content\/uploads\/2020\/08\/Eingang-300x219.jpg 300w, https:\/\/amaravia.net\/wp-content\/uploads\/2020\/08\/Eingang-768x562.jpg 768w, https:\/\/amaravia.net\/wp-content\/uploads\/2020\/08\/Eingang-540x395.jpg 540w, https:\/\/amaravia.net\/wp-content\/uploads\/2020\/08\/Eingang.jpg 1054w\" sizes=\"auto, (max-width: 1024px) 100vw, 1024px\" \/><\/figure><\/li><li class=\"coblocks-gallery--item\"><figure class=\"wp-block-coblocks-gallery-offset__figure\"><img loading=\"lazy\" decoding=\"async\" width=\"1024\" height=\"643\" src=\"http:\/\/amaravia.net\/wp-content\/uploads\/2020\/08\/HALLE-neu-1-1024x643.jpg\" alt=\"\" data-id=\"469\" data-imglink=\"\" data-link=\"http:\/\/amaravia.net\/?attachment_id=469\" class=\"wp-image-469\" srcset=\"https:\/\/amaravia.net\/wp-content\/uploads\/2020\/08\/HALLE-neu-1-1024x643.jpg 1024w, https:\/\/amaravia.net\/wp-content\/uploads\/2020\/08\/HALLE-neu-1-300x188.jpg 300w, https:\/\/amaravia.net\/wp-content\/uploads\/2020\/08\/HALLE-neu-1-768x482.jpg 768w, https:\/\/amaravia.net\/wp-content\/uploads\/2020\/08\/HALLE-neu-1-1536x964.jpg 1536w, https:\/\/amaravia.net\/wp-content\/uploads\/2020\/08\/HALLE-neu-1-540x339.jpg 540w, https:\/\/amaravia.net\/wp-content\/uploads\/2020\/08\/HALLE-neu-1-1080x678.jpg 1080w, https:\/\/amaravia.net\/wp-content\/uploads\/2020\/08\/HALLE-neu-1.jpg 1673w\" sizes=\"auto, (max-width: 1024px) 100vw, 1024px\" \/><\/figure><\/li><li class=\"coblocks-gallery--item\"><figure class=\"wp-block-coblocks-gallery-offset__figure\"><img loading=\"lazy\" decoding=\"async\" width=\"1024\" height=\"751\" src=\"http:\/\/amaravia.net\/wp-content\/uploads\/2020\/08\/2020_04_30-RENDERING-STRASSE-1024x751.jpg\" alt=\"\" data-id=\"506\" data-imglink=\"\" data-link=\"http:\/\/amaravia.net\/?attachment_id=506\" class=\"wp-image-506\" srcset=\"https:\/\/amaravia.net\/wp-content\/uploads\/2020\/08\/2020_04_30-RENDERING-STRASSE-1024x751.jpg 1024w, https:\/\/amaravia.net\/wp-content\/uploads\/2020\/08\/2020_04_30-RENDERING-STRASSE-300x220.jpg 300w, https:\/\/amaravia.net\/wp-content\/uploads\/2020\/08\/2020_04_30-RENDERING-STRASSE-768x563.jpg 768w, https:\/\/amaravia.net\/wp-content\/uploads\/2020\/08\/2020_04_30-RENDERING-STRASSE-540x396.jpg 540w, https:\/\/amaravia.net\/wp-content\/uploads\/2020\/08\/2020_04_30-RENDERING-STRASSE-1080x792.jpg 1080w, https:\/\/amaravia.net\/wp-content\/uploads\/2020\/08\/2020_04_30-RENDERING-STRASSE.jpg 1432w\" sizes=\"auto, (max-width: 1024px) 100vw, 1024px\" \/><\/figure><\/li><li class=\"coblocks-gallery--item\"><figure class=\"wp-block-coblocks-gallery-offset__figure\"><img loading=\"lazy\" decoding=\"async\" width=\"1024\" height=\"640\" src=\"http:\/\/amaravia.net\/wp-content\/uploads\/2020\/08\/2020_05_04-RENDER-WOHNUNG-C-1024x640.jpg\" alt=\"\" data-id=\"507\" data-imglink=\"\" data-link=\"http:\/\/amaravia.net\/?attachment_id=507\" class=\"wp-image-507\" srcset=\"https:\/\/amaravia.net\/wp-content\/uploads\/2020\/08\/2020_05_04-RENDER-WOHNUNG-C-1024x640.jpg 1024w, https:\/\/amaravia.net\/wp-content\/uploads\/2020\/08\/2020_05_04-RENDER-WOHNUNG-C-300x188.jpg 300w, https:\/\/amaravia.net\/wp-content\/uploads\/2020\/08\/2020_05_04-RENDER-WOHNUNG-C-768x480.jpg 768w, https:\/\/amaravia.net\/wp-content\/uploads\/2020\/08\/2020_05_04-RENDER-WOHNUNG-C-1536x960.jpg 1536w, https:\/\/amaravia.net\/wp-content\/uploads\/2020\/08\/2020_05_04-RENDER-WOHNUNG-C-540x338.jpg 540w, https:\/\/amaravia.net\/wp-content\/uploads\/2020\/08\/2020_05_04-RENDER-WOHNUNG-C-1080x675.jpg 1080w, https:\/\/amaravia.net\/wp-content\/uploads\/2020\/08\/2020_05_04-RENDER-WOHNUNG-C.jpg 1680w\" sizes=\"auto, (max-width: 1024px) 100vw, 1024px\" \/><\/figure><\/li><li class=\"coblocks-gallery--item\"><figure class=\"wp-block-coblocks-gallery-offset__figure\"><img loading=\"lazy\" decoding=\"async\" width=\"1024\" height=\"640\" src=\"http:\/\/amaravia.net\/wp-content\/uploads\/2020\/08\/2020_05_04-RENDER-WOHNUNG-D-1024x640.jpg\" alt=\"\" data-id=\"508\" data-imglink=\"\" data-link=\"http:\/\/amaravia.net\/?attachment_id=508\" class=\"wp-image-508\" srcset=\"https:\/\/amaravia.net\/wp-content\/uploads\/2020\/08\/2020_05_04-RENDER-WOHNUNG-D-1024x640.jpg 1024w, https:\/\/amaravia.net\/wp-content\/uploads\/2020\/08\/2020_05_04-RENDER-WOHNUNG-D-300x188.jpg 300w, https:\/\/amaravia.net\/wp-content\/uploads\/2020\/08\/2020_05_04-RENDER-WOHNUNG-D-768x480.jpg 768w, https:\/\/amaravia.net\/wp-content\/uploads\/2020\/08\/2020_05_04-RENDER-WOHNUNG-D-1536x960.jpg 1536w, https:\/\/amaravia.net\/wp-content\/uploads\/2020\/08\/2020_05_04-RENDER-WOHNUNG-D-540x338.jpg 540w, https:\/\/amaravia.net\/wp-content\/uploads\/2020\/08\/2020_05_04-RENDER-WOHNUNG-D-1080x675.jpg 1080w, https:\/\/amaravia.net\/wp-content\/uploads\/2020\/08\/2020_05_04-RENDER-WOHNUNG-D.jpg 1680w\" sizes=\"auto, (max-width: 1024px) 100vw, 1024px\" \/><\/figure><\/li><li class=\"coblocks-gallery--item\"><figure class=\"wp-block-coblocks-gallery-offset__figure\"><img loading=\"lazy\" decoding=\"async\" width=\"1024\" height=\"724\" src=\"http:\/\/amaravia.net\/wp-content\/uploads\/2020\/08\/2020_05_12-RENDER-WOHNUNG-H-1024x724.jpg\" alt=\"\" data-id=\"509\" data-imglink=\"\" data-link=\"http:\/\/amaravia.net\/?attachment_id=509\" class=\"wp-image-509\" srcset=\"https:\/\/amaravia.net\/wp-content\/uploads\/2020\/08\/2020_05_12-RENDER-WOHNUNG-H-1024x724.jpg 1024w, https:\/\/amaravia.net\/wp-content\/uploads\/2020\/08\/2020_05_12-RENDER-WOHNUNG-H-300x212.jpg 300w, https:\/\/amaravia.net\/wp-content\/uploads\/2020\/08\/2020_05_12-RENDER-WOHNUNG-H-768x543.jpg 768w, https:\/\/amaravia.net\/wp-content\/uploads\/2020\/08\/2020_05_12-RENDER-WOHNUNG-H-1536x1086.jpg 1536w, https:\/\/amaravia.net\/wp-content\/uploads\/2020\/08\/2020_05_12-RENDER-WOHNUNG-H-2048x1448.jpg 2048w, https:\/\/amaravia.net\/wp-content\/uploads\/2020\/08\/2020_05_12-RENDER-WOHNUNG-H-540x382.jpg 540w, https:\/\/amaravia.net\/wp-content\/uploads\/2020\/08\/2020_05_12-RENDER-WOHNUNG-H-1080x763.jpg 1080w, https:\/\/amaravia.net\/wp-content\/uploads\/2020\/08\/2020_05_12-RENDER-WOHNUNG-H-1980x1400.jpg 1980w\" sizes=\"auto, (max-width: 1024px) 100vw, 1024px\" \/><\/figure><\/li><li class=\"coblocks-gallery--item\"><figure class=\"wp-block-coblocks-gallery-offset__figure\"><img loading=\"lazy\" decoding=\"async\" width=\"1024\" height=\"726\" src=\"http:\/\/amaravia.net\/wp-content\/uploads\/2020\/08\/2020_05_12-RENDER-WOHNUNG-I-2-1024x726.jpg\" alt=\"\" data-id=\"510\" data-imglink=\"\" data-link=\"http:\/\/amaravia.net\/?attachment_id=510\" class=\"wp-image-510\" srcset=\"https:\/\/amaravia.net\/wp-content\/uploads\/2020\/08\/2020_05_12-RENDER-WOHNUNG-I-2-1024x726.jpg 1024w, https:\/\/amaravia.net\/wp-content\/uploads\/2020\/08\/2020_05_12-RENDER-WOHNUNG-I-2-300x213.jpg 300w, https:\/\/amaravia.net\/wp-content\/uploads\/2020\/08\/2020_05_12-RENDER-WOHNUNG-I-2-768x545.jpg 768w, https:\/\/amaravia.net\/wp-content\/uploads\/2020\/08\/2020_05_12-RENDER-WOHNUNG-I-2-1536x1089.jpg 1536w, https:\/\/amaravia.net\/wp-content\/uploads\/2020\/08\/2020_05_12-RENDER-WOHNUNG-I-2-2048x1452.jpg 2048w, https:\/\/amaravia.net\/wp-content\/uploads\/2020\/08\/2020_05_12-RENDER-WOHNUNG-I-2-540x383.jpg 540w, https:\/\/amaravia.net\/wp-content\/uploads\/2020\/08\/2020_05_12-RENDER-WOHNUNG-I-2-1080x766.jpg 1080w, https:\/\/amaravia.net\/wp-content\/uploads\/2020\/08\/2020_05_12-RENDER-WOHNUNG-I-2-1980x1404.jpg 1980w\" sizes=\"auto, (max-width: 1024px) 100vw, 1024px\" \/><\/figure><\/li><li class=\"coblocks-gallery--item\"><figure class=\"wp-block-coblocks-gallery-offset__figure\"><img loading=\"lazy\" decoding=\"async\" width=\"1024\" height=\"640\" src=\"http:\/\/amaravia.net\/wp-content\/uploads\/2020\/08\/2020_07_13-RENDER-HALLE-1-1024x640.jpg\" alt=\"\" data-id=\"511\" data-imglink=\"\" data-link=\"http:\/\/amaravia.net\/?attachment_id=511\" class=\"wp-image-511\" srcset=\"https:\/\/amaravia.net\/wp-content\/uploads\/2020\/08\/2020_07_13-RENDER-HALLE-1-1024x640.jpg 1024w, https:\/\/amaravia.net\/wp-content\/uploads\/2020\/08\/2020_07_13-RENDER-HALLE-1-300x188.jpg 300w, https:\/\/amaravia.net\/wp-content\/uploads\/2020\/08\/2020_07_13-RENDER-HALLE-1-768x480.jpg 768w, https:\/\/amaravia.net\/wp-content\/uploads\/2020\/08\/2020_07_13-RENDER-HALLE-1-1536x960.jpg 1536w, https:\/\/amaravia.net\/wp-content\/uploads\/2020\/08\/2020_07_13-RENDER-HALLE-1-2048x1280.jpg 2048w, https:\/\/amaravia.net\/wp-content\/uploads\/2020\/08\/2020_07_13-RENDER-HALLE-1-540x338.jpg 540w, https:\/\/amaravia.net\/wp-content\/uploads\/2020\/08\/2020_07_13-RENDER-HALLE-1-1080x675.jpg 1080w, https:\/\/amaravia.net\/wp-content\/uploads\/2020\/08\/2020_07_13-RENDER-HALLE-1-1980x1238.jpg 1980w\" sizes=\"auto, (max-width: 1024px) 100vw, 1024px\" \/><\/figure><\/li><\/ul><\/div>\n\n\n\n<p>Gern informieren wir Sie ausf\u00fchrlich \u00fcber die vielf\u00e4ltigen M\u00f6glichkeiten unserer Lebenswelt An den Rehwiesen. Schreiben Sie uns, oder rufen Sie einfach an. Wir sind jederzeit f\u00fcr Sie da.<\/p>\n","protected":false},"excerpt":{"rendered":"<p>Wenn etwas besser als sehr gut werden soll, dann muss es exzellent sein. Wir streben mit unseren Lebenswelten diese Exzellenz an. Bad Saarow, das Juwel in Brandenburg. Direkt&hellip;<\/p>\n","protected":false},"author":1,"featured_media":0,"parent":0,"menu_order":0,"comment_status":"closed","ping_status":"closed","template":"template-full-width.php","meta":{"_coblocks_attr":"","_coblocks_dimensions":"","_coblocks_responsive_height":"","_coblocks_accordion_ie_support":"","footnotes":""},"class_list":["post-39","page","type-page","status-publish","hentry"],"_links":{"self":[{"href":"https:\/\/amaravia.net\/index.php?rest_route=\/wp\/v2\/pages\/39","targetHints":{"allow":["GET"]}}],"collection":[{"href":"https:\/\/amaravia.net\/index.php?rest_route=\/wp\/v2\/pages"}],"about":[{"href":"https:\/\/amaravia.net\/index.php?rest_route=\/wp\/v2\/types\/page"}],"author":[{"embeddable":true,"href":"https:\/\/amaravia.net\/index.php?rest_route=\/wp\/v2\/users\/1"}],"replies":[{"embeddable":true,"href":"https:\/\/amaravia.net\/index.php?rest_route=%2Fwp%2Fv2%2Fcomments&post=39"}],"version-history":[{"count":73,"href":"https:\/\/amaravia.net\/index.php?rest_route=\/wp\/v2\/pages\/39\/revisions"}],"predecessor-version":[{"id":1059,"href":"https:\/\/amaravia.net\/index.php?rest_route=\/wp\/v2\/pages\/39\/revisions\/1059"}],"wp:attachment":[{"href":"https:\/\/amaravia.net\/index.php?rest_route=%2Fwp%2Fv2%2Fmedia&parent=39"}],"curies":[{"name":"wp","href":"https:\/\/api.w.org\/{rel}","templated":true}]}}