{"id":286,"date":"2018-06-18T11:11:26","date_gmt":"2018-06-18T11:11:26","guid":{"rendered":"http:\/\/amaravia.net\/?page_id=286"},"modified":"2021-04-11T17:05:32","modified_gmt":"2021-04-11T17:05:32","slug":"amaravia","status":"publish","type":"page","link":"https:\/\/amaravia.net\/?page_id=286","title":{"rendered":"amaravia"},"content":{"rendered":"\n<p>Das von Reinhold Gutmann 2017 im Alleingang gegr\u00fcndete Unternehmen war anf\u00e4nglich nicht mehr als eine Idee. Er kannte als langj\u00e4hriger Vitanas CEO, eines der gr\u00f6\u00dften Unternehmen f\u00fcr Altenheime in Deutschland, die Bed\u00fcrfnisse alter Menschen. Immer wieder erfuhr er, dass die allermeisten von ihnen einen Aufenthalt im Pflegeheim scheuten. Nur wenn es nicht anders ging, dann ja. Doch am liebsten blieben die Menschen Zuhause, in ihren eigenen vier W\u00e4nden.&nbsp;Er macht sich auf den Weg ein Zuhause im professionellen Umfeld zu schaffen.<\/p>\n\n\n\n<figure class=\"wp-block-image size-large\"><img loading=\"lazy\" decoding=\"async\" width=\"1024\" height=\"581\" src=\"https:\/\/amaravia.net\/wp-content\/uploads\/2020\/08\/elite-1024x581.jpg\" alt=\"\" class=\"wp-image-553\" srcset=\"https:\/\/amaravia.net\/wp-content\/uploads\/2020\/08\/elite-1024x581.jpg 1024w, https:\/\/amaravia.net\/wp-content\/uploads\/2020\/08\/elite-300x170.jpg 300w, https:\/\/amaravia.net\/wp-content\/uploads\/2020\/08\/elite-768x436.jpg 768w, https:\/\/amaravia.net\/wp-content\/uploads\/2020\/08\/elite-1536x872.jpg 1536w, https:\/\/amaravia.net\/wp-content\/uploads\/2020\/08\/elite-540x306.jpg 540w, https:\/\/amaravia.net\/wp-content\/uploads\/2020\/08\/elite-1080x613.jpg 1080w, https:\/\/amaravia.net\/wp-content\/uploads\/2020\/08\/elite-1980x1124.jpg 1980w, https:\/\/amaravia.net\/wp-content\/uploads\/2020\/08\/elite.jpg 2002w\" sizes=\"auto, (max-width: 1024px) 100vw, 1024px\" \/><figcaption><strong><span class=\"uppercase\">Chancen ergreifen, Ideen wahr werden lassen<\/span><\/strong>.<\/figcaption><\/figure>\n\n\n\n<p>Mit amaravia wollten Reinhold Gutmann genau diesen Wunsch Realit\u00e4t werden lassen. Leben in den eigenen vier W\u00e4nden, selbstbestimmt und eigenverantwortlich. W\u00e4hrend der Entwicklungsphase fiel ihm auf, dass besonders Menschen mit demenzieller Erfahrung keine ausreichende Unterst\u00fctzung Zuhause fanden und aus seiner Sicht, allzu fr\u00fch ins Pflegeheim gingen. Das muss doch anders gehen, war er sich sicher.<\/p>\n\n\n\n<p>Also entwarf er mit einem ausgewiesenen Fachmann, dem Architekten Heinz Burkhard einen hochwertigen Geb\u00e4udekomplex der zu 100% auf die Bed\u00fcrfnisse von Menschen mit demenzieller Erfahrung ausgerichtet ist. Sie nannten das Quartiere Lebenswelt. In harmonischer Umgebung sollte sich alles was die Betroffenen ben\u00f6tigen in unmittelbarer N\u00e4he befinden. Kurze Wege, h\u00f6chster Wohnkomfort und bei Bedarf maximale Versorgung waren die Kernelemente.&nbsp;<\/p>\n\n\n\n<p>Diese Idee fand sowohl bei Investoren, B\u00fcrgermeistern, Landr\u00e4ten und anderen Entscheidern auf politischer Ebene breite Zustimmung. So dass aus der anf\u00e4nglichen kleinen Idee schnell eine gro\u00dfe Sache wurde. Zur Zeit plant amaravia weit \u00fcber 10 Quartiere in allen Teilen Deutschland. In der sch\u00f6nen Stadt Bad Saarow, nicht weit von Berlin entfernt wird 2022 die Lebenswelt Bad Saarow er\u00f6ffnet. Ein sch\u00f6ner Erfolg f\u00fcr Reinhold Gutmann und eine wundervolle Gelegenheit f\u00fcr Menschen mit demenzieller Erfahrung weiterhin und dauerhaft selbstbestimmt in den eigenen vier W\u00e4nden zu leben.&nbsp;<\/p>\n\n\n\n<div class=\"wp-block-coblocks-logos\"><div class=\"wp-block-coblocks-logos__row\"><div style=\"width:100%\"><img decoding=\"async\" src=\"http:\/\/amaravia.net\/wp-content\/uploads\/2018\/06\/logo3-1024x265.png\" alt=\"\" data-id=\"238\" data-width=\"100%\"\/><\/div><\/div><\/div>\n\n\n\n<p>Wir planen und entwickeln Lebenswelten f\u00fcr Menschen mit demenziellen Erfahrungen. Als soziales, \u00f6kologisch und wirtschaftlich agierendes Dienstleistungsunternehmen legen wir hohe Anspr\u00fcche an Transparenz. Wichtig ist uns, offen, ehrlich und partnerschaftlich mit allen unseren Partner umzugehen.<\/p>\n\n\n\n<p>Sie wollen mehr erfahren? Schreiben Sie uns oder rufen Sie einfach an.&nbsp;<\/p>\n","protected":false},"excerpt":{"rendered":"<p>Das von Reinhold Gutmann 2017 im Alleingang gegr\u00fcndete Unternehmen war anf\u00e4nglich nicht mehr als eine Idee. Er kannte als langj\u00e4hriger Vitanas CEO, eines der gr\u00f6\u00dften Unternehmen f\u00fcr Altenheime&hellip;<\/p>\n","protected":false},"author":1,"featured_media":0,"parent":37,"menu_order":0,"comment_status":"closed","ping_status":"closed","template":"template-full-width.php","meta":{"_coblocks_attr":"","_coblocks_dimensions":"","_coblocks_responsive_height":"","_coblocks_accordion_ie_support":"","footnotes":""},"class_list":["post-286","page","type-page","status-publish","hentry"],"_links":{"self":[{"href":"https:\/\/amaravia.net\/index.php?rest_route=\/wp\/v2\/pages\/286","targetHints":{"allow":["GET"]}}],"collection":[{"href":"https:\/\/amaravia.net\/index.php?rest_route=\/wp\/v2\/pages"}],"about":[{"href":"https:\/\/amaravia.net\/index.php?rest_route=\/wp\/v2\/types\/page"}],"author":[{"embeddable":true,"href":"https:\/\/amaravia.net\/index.php?rest_route=\/wp\/v2\/users\/1"}],"replies":[{"embeddable":true,"href":"https:\/\/amaravia.net\/index.php?rest_route=%2Fwp%2Fv2%2Fcomments&post=286"}],"version-history":[{"count":22,"href":"https:\/\/amaravia.net\/index.php?rest_route=\/wp\/v2\/pages\/286\/revisions"}],"predecessor-version":[{"id":1038,"href":"https:\/\/amaravia.net\/index.php?rest_route=\/wp\/v2\/pages\/286\/revisions\/1038"}],"up":[{"embeddable":true,"href":"https:\/\/amaravia.net\/index.php?rest_route=\/wp\/v2\/pages\/37"}],"wp:attachment":[{"href":"https:\/\/amaravia.net\/index.php?rest_route=%2Fwp%2Fv2%2Fmedia&parent=286"}],"curies":[{"name":"wp","href":"https:\/\/api.w.org\/{rel}","templated":true}]}}