{"id":284,"date":"2018-06-18T11:09:29","date_gmt":"2018-06-18T11:09:29","guid":{"rendered":"http:\/\/amaravia.net\/?page_id=284"},"modified":"2025-04-04T12:47:15","modified_gmt":"2025-04-04T12:47:15","slug":"projekte","status":"publish","type":"page","link":"https:\/\/amaravia.net\/?page_id=284","title":{"rendered":"Investment"},"content":{"rendered":"\n<p>Investition ist nicht gleich Investition. F\u00fcr immer mehr Menschen wird der gesellschaftliche Nutzen einer Investition zu einem entscheidenden Kriterium. Dient sie in erster und ausschlie\u00dflicher Linie zur unbegrenzten Kapitalmaximierung ist ihre Akzeptanz in vielen Augen bestenfalls fragw\u00fcrdig, meist jedoch verwerflich. <\/p>\n\n\n\n<div class=\"wp-block-image is-style-rounded\"><figure class=\"alignleft size-large\"><img loading=\"lazy\" decoding=\"async\" width=\"1024\" height=\"819\" src=\"https:\/\/amaravia.net\/wp-content\/uploads\/2020\/08\/schiff-2-1024x819.jpg\" alt=\"\" class=\"wp-image-534\" srcset=\"https:\/\/amaravia.net\/wp-content\/uploads\/2020\/08\/schiff-2-1024x819.jpg 1024w, https:\/\/amaravia.net\/wp-content\/uploads\/2020\/08\/schiff-2-300x240.jpg 300w, https:\/\/amaravia.net\/wp-content\/uploads\/2020\/08\/schiff-2-768x614.jpg 768w, https:\/\/amaravia.net\/wp-content\/uploads\/2020\/08\/schiff-2-540x432.jpg 540w, https:\/\/amaravia.net\/wp-content\/uploads\/2020\/08\/schiff-2-1080x864.jpg 1080w, https:\/\/amaravia.net\/wp-content\/uploads\/2020\/08\/schiff-2.jpg 1280w\" sizes=\"auto, (max-width: 1024px) 100vw, 1024px\" \/><figcaption>                                                <span class=\"uppercase\"><strong>Gemeinsam auf Erfolgskurs<\/strong><\/span><\/figcaption><\/figure><\/div>\n\n\n\n<p>Wir bieten Investoren*innen die M\u00f6glichkeit ebenso nachhaltig wie gesellschaftlich anerkannt in unsere Standorte zu investieren. Dabei ist es f\u00fcr uns selbstverst\u00e4ndlich, dass Sie auf eine faire und ausk\u00f6mmliche Rendite keinesfalls verzichten m\u00fcssen. <\/p>\n\n\n\n<p>Aktuell projektieren wir mehr als zehn Lebenswelten in ganz Deutschland. Allesamt in guter Lage und mit hohen Erfolgsaussichten. Seien Sie dabei, tun Sie Gutes und verdienen Sie. Es lohnt sich. M\u00f6chten Sie mehr erfahren, Reinhold Gutmann steht Ihnen f\u00fcr weitere Ausk\u00fcnfte gern zur Verf\u00fcgung. <\/p>\n\n\n\n<p><a href=\"https:\/\/amaravia.net\/?page_id=72\">Schreiben <\/a>Sie ihm, oder rufen Sie einfach an. 0172 320 66 87<\/p>\n","protected":false},"excerpt":{"rendered":"<p>Investition ist nicht gleich Investition. F\u00fcr immer mehr Menschen wird der gesellschaftliche Nutzen einer Investition zu einem entscheidenden Kriterium. Dient sie in erster und ausschlie\u00dflicher Linie zur unbegrenzten&hellip;<\/p>\n","protected":false},"author":1,"featured_media":0,"parent":39,"menu_order":0,"comment_status":"closed","ping_status":"closed","template":"template-full-width.php","meta":{"_coblocks_attr":"","_coblocks_dimensions":"","_coblocks_responsive_height":"","_coblocks_accordion_ie_support":"","footnotes":""},"class_list":["post-284","page","type-page","status-publish","hentry"],"_links":{"self":[{"href":"https:\/\/amaravia.net\/index.php?rest_route=\/wp\/v2\/pages\/284","targetHints":{"allow":["GET"]}}],"collection":[{"href":"https:\/\/amaravia.net\/index.php?rest_route=\/wp\/v2\/pages"}],"about":[{"href":"https:\/\/amaravia.net\/index.php?rest_route=\/wp\/v2\/types\/page"}],"author":[{"embeddable":true,"href":"https:\/\/amaravia.net\/index.php?rest_route=\/wp\/v2\/users\/1"}],"replies":[{"embeddable":true,"href":"https:\/\/amaravia.net\/index.php?rest_route=%2Fwp%2Fv2%2Fcomments&post=284"}],"version-history":[{"count":13,"href":"https:\/\/amaravia.net\/index.php?rest_route=\/wp\/v2\/pages\/284\/revisions"}],"predecessor-version":[{"id":1058,"href":"https:\/\/amaravia.net\/index.php?rest_route=\/wp\/v2\/pages\/284\/revisions\/1058"}],"up":[{"embeddable":true,"href":"https:\/\/amaravia.net\/index.php?rest_route=\/wp\/v2\/pages\/39"}],"wp:attachment":[{"href":"https:\/\/amaravia.net\/index.php?rest_route=%2Fwp%2Fv2%2Fmedia&parent=284"}],"curies":[{"name":"wp","href":"https:\/\/api.w.org\/{rel}","templated":true}]}}